{"id":55,"date":"2023-12-01T07:44:06","date_gmt":"2023-12-01T07:44:06","guid":{"rendered":"https:\/\/provenko.fi\/?page_id=55"},"modified":"2023-12-01T08:08:10","modified_gmt":"2023-12-01T08:08:10","slug":"kiitos-yhteydenotosta","status":"publish","type":"page","link":"https:\/\/provenko.fi\/sv\/kiitos-yhteydenotosta\/","title":{"rendered":"Kiitos yhteydenotosta"},"content":{"rendered":"<h2 class=\"wp-block-heading\">Tack f\u00f6r att du kontaktar!<\/h2>\n\n\n\n<p>Tack f\u00f6r att du kontaktar oss. Vi kommer att ta itu med det s\u00e5 snart som m\u00f6jligt<\/p>","protected":false},"excerpt":{"rendered":"<p>Kiitos yhteydenotosta! Kiitos yhteydenotostasi. K\u00e4sittelemme sen mahdollisimman pian.<\/p>","protected":false},"author":1,"featured_media":0,"parent":0,"menu_order":0,"comment_status":"closed","ping_status":"closed","template":"","meta":{"footnotes":""},"acf":[],"_links":{"self":[{"href":"https:\/\/provenko.fi\/sv\/wp-json\/wp\/v2\/pages\/55"}],"collection":[{"href":"https:\/\/provenko.fi\/sv\/wp-json\/wp\/v2\/pages"}],"about":[{"href":"https:\/\/provenko.fi\/sv\/wp-json\/wp\/v2\/types\/page"}],"author":[{"embeddable":true,"href":"https:\/\/provenko.fi\/sv\/wp-json\/wp\/v2\/users\/1"}],"replies":[{"embeddable":true,"href":"https:\/\/provenko.fi\/sv\/wp-json\/wp\/v2\/comments?post=55"}],"version-history":[{"count":2,"href":"https:\/\/provenko.fi\/sv\/wp-json\/wp\/v2\/pages\/55\/revisions"}],"predecessor-version":[{"id":57,"href":"https:\/\/provenko.fi\/sv\/wp-json\/wp\/v2\/pages\/55\/revisions\/57"}],"wp:attachment":[{"href":"https:\/\/provenko.fi\/sv\/wp-json\/wp\/v2\/media?parent=55"}],"curies":[{"name":"wp","href":"https:\/\/api.w.org\/{rel}","templated":true}]}}